{"id":319,"date":"2025-03-07T14:20:05","date_gmt":"2025-03-07T14:20:05","guid":{"rendered":"https:\/\/www.millaman.cl\/nueva\/?page_id=319"},"modified":"2025-06-26T14:45:49","modified_gmt":"2025-06-26T14:45:49","slug":"politicas-de-cookies","status":"publish","type":"page","link":"https:\/\/www.millaman.cl\/en\/politicas-de-cookies\/","title":{"rendered":"Cookies Policy"},"content":{"rendered":"<p>Reina en mi esp\u00edritu una alegr\u00eda admirable, muy parecida a las dulces alboradas de la primavera, de que gozo aqu\u00ed con delicia. <br><br>Estoy solo, y me felicito de vivir en este pa\u00eds, el m\u00e1s a prop\u00f3sito para almas como la m\u00eda, soy tan dichoso, mi querido amigo, me sojuzga de tal modo la idea de reposar, que no me ocupo de mi arte. Ahora no sabr\u00eda dibujar, ni siquiera hacer una l\u00ednea con el l\u00e1piz; y, sin embargo, jam\u00e1s he sido mejor pintor.<\/p>\n\n\n\n<p>Cuando el valle se vela en torno m\u00edo con un encaje de vapores; cuando el sol de mediod\u00eda centellea sobre la impenetrable sombra de mi bosque sin conseguir otra cosa que filtrar entre las hojas algunos rayos que penetran hasta el fondo del santuario, cuando recostado sobre la crecida hierba, cerca de la cascada, mi vista, m\u00e1s pr\u00f3xima a la tierra, descubre multitud de menudas y diversas plantas; cuando siento m\u00e1s cerca de mi coraz\u00f3n los rumores de vida de ese peque\u00f1o mundo que palpita en los tallos de las hojas, y veo las formas innumerables e infinitas de los gusanillos y de los insectos; cuando siento, en fin, la presencia del Todopoderoso, que nos ha creado.<\/p>\n\n\n\n<p>Reina en mi esp\u00edritu una alegr\u00eda admirable, muy parecida a las dulces alboradas de la primavera, de que gozo aqu\u00ed con delicia. Estoy solo, y me felicito de vivir en este pa\u00eds, el m\u00e1s a prop\u00f3sito para almas como la m\u00eda, soy tan dichoso, mi querido amigo, me sojuzga de tal modo la idea de reposar, que no me ocupo de mi arte. <\/p>\n\n\n\n<p>Ahora no sabr\u00eda dibujar, ni siquiera hacer una l\u00ednea con el l\u00e1piz; y, sin embargo, jam\u00e1s he sido mejor pintor Cuando el valle se vela en torno m\u00edo con un encaje de vapores; cuando el sol de mediod\u00eda centellea sobre la impenetrable sombra de mi bosque sin conseguir otra cosa que filtrar entre las hojas algunos rayos que penetran hasta el fondo del santuario, cuando recostado sobre la crecida hierba, cerca de la cascada, mi vista, m\u00e1s pr\u00f3xima a la tierra, descubre multitud de menudas y diversas plantas; cuando siento m\u00e1s cerca de mi coraz\u00f3n los rumores de vida de ese peque\u00f1o mundo que palpita en los tallos de las hojas, y veo las formas innumerables e infinitas de los gusanillos y de los insectos; cuando siento, en fin, la presencia del Todopoderoso, que nos ha creado.<\/p>\n\n\n\n<p>Cuando el valle se vela en torno m\u00edo con un encaje de vapores; cuando el sol de mediod\u00eda centellea sobre la impenetrable sombra de mi bosque sin conseguir otra cosa que filtrar entre las hojas algunos rayos que penetran hasta el fondo del santuario, cuando recostado sobre la crecida hierba, cerca de la cascada, mi vista, m\u00e1s pr\u00f3xima a la tierra, descubre multitud de menudas y diversas plantas; cuando siento m\u00e1s cerca de mi coraz\u00f3n los rumores de vida de ese peque\u00f1o mundo que palpita en los tallos de las hojas, y veo las formas innumerables e infinitas de los gusanillos y de los insectos; cuando siento, en fin, la presencia del Todopoderoso, que nos ha creado.<\/p>\n\n\n\n<p>Reina en mi esp\u00edritu una alegr\u00eda admirable, muy parecida a las dulces alboradas de la primavera, de que gozo aqu\u00ed con delicia. Estoy solo, y me felicito de vivir en este pa\u00eds, el m\u00e1s a prop\u00f3sito para almas como la m\u00eda, soy tan dichoso, mi querido amigo, me sojuzga de tal modo la idea de reposar, que no me ocupo de mi arte.<\/p>","protected":false},"excerpt":{"rendered":"<p>Reina en mi esp\u00edritu una alegr\u00eda admirable, muy parecida a las dulces alboradas de la primavera, de que gozo aqu\u00ed con delicia. Estoy solo, y me felicito de vivir en este pa\u00eds, el m\u00e1s a prop\u00f3sito para almas como la m\u00eda, soy tan dichoso, mi querido amigo, me sojuzga de tal modo la idea de [&hellip;]<\/p>","protected":false},"author":2,"featured_media":4007,"parent":0,"menu_order":0,"comment_status":"closed","ping_status":"closed","template":"","meta":{"_acf_changed":false,"footnotes":""},"class_list":["post-319","page","type-page","status-publish","has-post-thumbnail","hentry"],"acf":[],"yoast_head":"<!-- This site is optimized with the Yoast SEO plugin v25.7 - https:\/\/yoast.com\/wordpress\/plugins\/seo\/ -->\n<title>Pol\u00edticas de Cookies - Millaman<\/title>\n<meta name=\"description\" content=\"Conoce c\u00f3mo usamos cookies en Millaman Golden Condor para mejorar tu experiencia de navegaci\u00f3n. Consulta nuestra pol\u00edtica de privacidad y configuraci\u00f3n de datos.\" \/>\n<meta name=\"robots\" content=\"index, follow, max-snippet:-1, max-image-preview:large, max-video-preview:-1\" \/>\n<link rel=\"canonical\" href=\"https:\/\/www.millaman.cl\/en\/politicas-de-cookies\/\" \/>\n<meta property=\"og:locale\" content=\"en_US\" \/>\n<meta property=\"og:type\" content=\"article\" \/>\n<meta property=\"og:title\" content=\"Pol\u00edticas de Cookies - Millaman\" \/>\n<meta property=\"og:description\" content=\"Conoce c\u00f3mo usamos cookies en Millaman Golden Condor para mejorar tu experiencia de navegaci\u00f3n. Consulta nuestra pol\u00edtica de privacidad y configuraci\u00f3n de datos.\" \/>\n<meta property=\"og:url\" content=\"https:\/\/www.millaman.cl\/en\/politicas-de-cookies\/\" \/>\n<meta property=\"og:site_name\" content=\"Millaman\" \/>\n<meta property=\"article:modified_time\" content=\"2025-06-26T14:45:49+00:00\" \/>\n<meta property=\"og:image\" content=\"https:\/\/www.millaman.cl\/wp-content\/uploads\/2025\/03\/fondo-descripcion-reserva-pinot-noir-mobile-02.webp\" \/>\n\t<meta property=\"og:image:width\" content=\"430\" \/>\n\t<meta property=\"og:image:height\" content=\"924\" \/>\n\t<meta property=\"og:image:type\" content=\"image\/webp\" \/>\n<meta name=\"twitter:card\" content=\"summary_large_image\" \/>\n<meta name=\"twitter:label1\" content=\"Est. reading time\" \/>\n\t<meta name=\"twitter:data1\" content=\"3 minutes\" \/>\n<script type=\"application\/ld+json\" class=\"yoast-schema-graph\">{\"@context\":\"https:\/\/schema.org\",\"@graph\":[{\"@type\":\"WebPage\",\"@id\":\"https:\/\/www.millaman.cl\/politicas-de-cookies\/\",\"url\":\"https:\/\/www.millaman.cl\/politicas-de-cookies\/\",\"name\":\"Pol\u00edticas de Cookies - Millaman\",\"isPartOf\":{\"@id\":\"https:\/\/www.millaman.cl\/#website\"},\"primaryImageOfPage\":{\"@id\":\"https:\/\/www.millaman.cl\/politicas-de-cookies\/#primaryimage\"},\"image\":{\"@id\":\"https:\/\/www.millaman.cl\/politicas-de-cookies\/#primaryimage\"},\"thumbnailUrl\":\"https:\/\/www.millaman.cl\/wp-content\/uploads\/2025\/03\/fondo-descripcion-reserva-pinot-noir-mobile-02.webp\",\"datePublished\":\"2025-03-07T14:20:05+00:00\",\"dateModified\":\"2025-06-26T14:45:49+00:00\",\"description\":\"Conoce c\u00f3mo usamos cookies en Millaman Golden Condor para mejorar tu experiencia de navegaci\u00f3n. Consulta nuestra pol\u00edtica de privacidad y configuraci\u00f3n de datos.\",\"breadcrumb\":{\"@id\":\"https:\/\/www.millaman.cl\/politicas-de-cookies\/#breadcrumb\"},\"inLanguage\":\"en-US\",\"potentialAction\":[{\"@type\":\"ReadAction\",\"target\":[\"https:\/\/www.millaman.cl\/politicas-de-cookies\/\"]}]},{\"@type\":\"ImageObject\",\"inLanguage\":\"en-US\",\"@id\":\"https:\/\/www.millaman.cl\/politicas-de-cookies\/#primaryimage\",\"url\":\"https:\/\/www.millaman.cl\/wp-content\/uploads\/2025\/03\/fondo-descripcion-reserva-pinot-noir-mobile-02.webp\",\"contentUrl\":\"https:\/\/www.millaman.cl\/wp-content\/uploads\/2025\/03\/fondo-descripcion-reserva-pinot-noir-mobile-02.webp\",\"width\":430,\"height\":924},{\"@type\":\"BreadcrumbList\",\"@id\":\"https:\/\/www.millaman.cl\/politicas-de-cookies\/#breadcrumb\",\"itemListElement\":[{\"@type\":\"ListItem\",\"position\":1,\"name\":\"Portada\",\"item\":\"https:\/\/www.millaman.cl\/\"},{\"@type\":\"ListItem\",\"position\":2,\"name\":\"Pol\u00edticas de Cookies\"}]},{\"@type\":\"WebSite\",\"@id\":\"https:\/\/www.millaman.cl\/#website\",\"url\":\"https:\/\/www.millaman.cl\/\",\"name\":\"Millaman\",\"description\":\"Donde la tradici\u00f3n se eleva como el c\u00f3ndor,  y la innovaci\u00f3n transforma cada gota en una experiencia \u00fanica\",\"publisher\":{\"@id\":\"https:\/\/www.millaman.cl\/#organization\"},\"alternateName\":\"Millaman Golden Condo\",\"potentialAction\":[{\"@type\":\"SearchAction\",\"target\":{\"@type\":\"EntryPoint\",\"urlTemplate\":\"https:\/\/www.millaman.cl\/?s={search_term_string}\"},\"query-input\":{\"@type\":\"PropertyValueSpecification\",\"valueRequired\":true,\"valueName\":\"search_term_string\"}}],\"inLanguage\":\"en-US\"},{\"@type\":\"Organization\",\"@id\":\"https:\/\/www.millaman.cl\/#organization\",\"name\":\"Millaman\",\"alternateName\":\"Millaman Golden Condo\",\"url\":\"https:\/\/www.millaman.cl\/\",\"logo\":{\"@type\":\"ImageObject\",\"inLanguage\":\"en-US\",\"@id\":\"https:\/\/www.millaman.cl\/#\/schema\/logo\/image\/\",\"url\":\"https:\/\/www.millaman.cl\/wp-content\/uploads\/2025\/03\/millaman-golden-condor.svg\",\"contentUrl\":\"https:\/\/www.millaman.cl\/wp-content\/uploads\/2025\/03\/millaman-golden-condor.svg\",\"width\":105,\"height\":76,\"caption\":\"Millaman\"},\"image\":{\"@id\":\"https:\/\/www.millaman.cl\/#\/schema\/logo\/image\/\"},\"sameAs\":[\"https:\/\/www.instagram.com\/vinosmillaman\/\",\"https:\/\/www.facebook.com\/MillamanWines\/\"]}]}<\/script>\n<!-- \/ Yoast SEO plugin. -->","yoast_head_json":{"title":"Pol\u00edticas de Cookies - Millaman","description":"Conoce c\u00f3mo usamos cookies en Millaman Golden Condor para mejorar tu experiencia de navegaci\u00f3n. Consulta nuestra pol\u00edtica de privacidad y configuraci\u00f3n de datos.","robots":{"index":"index","follow":"follow","max-snippet":"max-snippet:-1","max-image-preview":"max-image-preview:large","max-video-preview":"max-video-preview:-1"},"canonical":"https:\/\/www.millaman.cl\/en\/politicas-de-cookies\/","og_locale":"en_US","og_type":"article","og_title":"Pol\u00edticas de Cookies - Millaman","og_description":"Conoce c\u00f3mo usamos cookies en Millaman Golden Condor para mejorar tu experiencia de navegaci\u00f3n. Consulta nuestra pol\u00edtica de privacidad y configuraci\u00f3n de datos.","og_url":"https:\/\/www.millaman.cl\/en\/politicas-de-cookies\/","og_site_name":"Millaman","article_modified_time":"2025-06-26T14:45:49+00:00","og_image":[{"width":430,"height":924,"url":"https:\/\/www.millaman.cl\/wp-content\/uploads\/2025\/03\/fondo-descripcion-reserva-pinot-noir-mobile-02.webp","type":"image\/webp"}],"twitter_card":"summary_large_image","twitter_misc":{"Est. reading time":"3 minutes"},"schema":{"@context":"https:\/\/schema.org","@graph":[{"@type":"WebPage","@id":"https:\/\/www.millaman.cl\/politicas-de-cookies\/","url":"https:\/\/www.millaman.cl\/politicas-de-cookies\/","name":"Pol\u00edticas de Cookies - Millaman","isPartOf":{"@id":"https:\/\/www.millaman.cl\/#website"},"primaryImageOfPage":{"@id":"https:\/\/www.millaman.cl\/politicas-de-cookies\/#primaryimage"},"image":{"@id":"https:\/\/www.millaman.cl\/politicas-de-cookies\/#primaryimage"},"thumbnailUrl":"https:\/\/www.millaman.cl\/wp-content\/uploads\/2025\/03\/fondo-descripcion-reserva-pinot-noir-mobile-02.webp","datePublished":"2025-03-07T14:20:05+00:00","dateModified":"2025-06-26T14:45:49+00:00","description":"Conoce c\u00f3mo usamos cookies en Millaman Golden Condor para mejorar tu experiencia de navegaci\u00f3n. Consulta nuestra pol\u00edtica de privacidad y configuraci\u00f3n de datos.","breadcrumb":{"@id":"https:\/\/www.millaman.cl\/politicas-de-cookies\/#breadcrumb"},"inLanguage":"en-US","potentialAction":[{"@type":"ReadAction","target":["https:\/\/www.millaman.cl\/politicas-de-cookies\/"]}]},{"@type":"ImageObject","inLanguage":"en-US","@id":"https:\/\/www.millaman.cl\/politicas-de-cookies\/#primaryimage","url":"https:\/\/www.millaman.cl\/wp-content\/uploads\/2025\/03\/fondo-descripcion-reserva-pinot-noir-mobile-02.webp","contentUrl":"https:\/\/www.millaman.cl\/wp-content\/uploads\/2025\/03\/fondo-descripcion-reserva-pinot-noir-mobile-02.webp","width":430,"height":924},{"@type":"BreadcrumbList","@id":"https:\/\/www.millaman.cl\/politicas-de-cookies\/#breadcrumb","itemListElement":[{"@type":"ListItem","position":1,"name":"Portada","item":"https:\/\/www.millaman.cl\/"},{"@type":"ListItem","position":2,"name":"Pol\u00edticas de Cookies"}]},{"@type":"WebSite","@id":"https:\/\/www.millaman.cl\/#website","url":"https:\/\/www.millaman.cl\/","name":"Millaman","description":"Donde la tradici\u00f3n se eleva como el c\u00f3ndor,  y la innovaci\u00f3n transforma cada gota en una experiencia \u00fanica","publisher":{"@id":"https:\/\/www.millaman.cl\/#organization"},"alternateName":"Millaman Golden Condo","potentialAction":[{"@type":"SearchAction","target":{"@type":"EntryPoint","urlTemplate":"https:\/\/www.millaman.cl\/?s={search_term_string}"},"query-input":{"@type":"PropertyValueSpecification","valueRequired":true,"valueName":"search_term_string"}}],"inLanguage":"en-US"},{"@type":"Organization","@id":"https:\/\/www.millaman.cl\/#organization","name":"Millaman","alternateName":"Millaman Golden Condo","url":"https:\/\/www.millaman.cl\/","logo":{"@type":"ImageObject","inLanguage":"en-US","@id":"https:\/\/www.millaman.cl\/#\/schema\/logo\/image\/","url":"https:\/\/www.millaman.cl\/wp-content\/uploads\/2025\/03\/millaman-golden-condor.svg","contentUrl":"https:\/\/www.millaman.cl\/wp-content\/uploads\/2025\/03\/millaman-golden-condor.svg","width":105,"height":76,"caption":"Millaman"},"image":{"@id":"https:\/\/www.millaman.cl\/#\/schema\/logo\/image\/"},"sameAs":["https:\/\/www.instagram.com\/vinosmillaman\/","https:\/\/www.facebook.com\/MillamanWines\/"]}]}},"_links":{"self":[{"href":"https:\/\/www.millaman.cl\/en\/wp-json\/wp\/v2\/pages\/319","targetHints":{"allow":["GET"]}}],"collection":[{"href":"https:\/\/www.millaman.cl\/en\/wp-json\/wp\/v2\/pages"}],"about":[{"href":"https:\/\/www.millaman.cl\/en\/wp-json\/wp\/v2\/types\/page"}],"author":[{"embeddable":true,"href":"https:\/\/www.millaman.cl\/en\/wp-json\/wp\/v2\/users\/2"}],"replies":[{"embeddable":true,"href":"https:\/\/www.millaman.cl\/en\/wp-json\/wp\/v2\/comments?post=319"}],"version-history":[{"count":0,"href":"https:\/\/www.millaman.cl\/en\/wp-json\/wp\/v2\/pages\/319\/revisions"}],"wp:featuredmedia":[{"embeddable":true,"href":"https:\/\/www.millaman.cl\/en\/wp-json\/wp\/v2\/media\/4007"}],"wp:attachment":[{"href":"https:\/\/www.millaman.cl\/en\/wp-json\/wp\/v2\/media?parent=319"}],"curies":[{"name":"wp","href":"https:\/\/api.w.org\/{rel}","templated":true}]}}