{"id":567,"date":"2025-03-14T08:31:01","date_gmt":"2025-03-14T08:31:01","guid":{"rendered":"https:\/\/www.millaman.cl\/nueva\/?page_id=567"},"modified":"2025-07-02T15:08:13","modified_gmt":"2025-07-02T15:08:13","slug":"portada","status":"publish","type":"page","link":"https:\/\/www.millaman.cl\/en\/","title":{"rendered":"Portada"},"content":{"rendered":"<div data-elementor-type=\"wp-page\" data-elementor-id=\"567\" class=\"elementor elementor-567\" data-elementor-post-type=\"page\">\n\t\t\t\t<div class=\"elementor-element elementor-element-5a93aa1f inicio-banner e-flex e-con-boxed e-con e-parent\" data-id=\"5a93aa1f\" data-element_type=\"container\" id=\"inicio\" data-settings=\"{&quot;background_background&quot;:&quot;classic&quot;}\">\n\t\t\t\t\t<div class=\"e-con-inner\">\n\t\t\t\t<div class=\"elementor-element elementor-element-31e2947e inicio-logo elementor-widget elementor-widget-image\" data-id=\"31e2947e\" data-element_type=\"widget\" data-widget_type=\"image.default\">\n\t\t\t\t<div class=\"elementor-widget-container\">\n\t\t\t\t\t\t\t\t\t\t\t\t\t\t\t<img decoding=\"async\" width=\"105\" height=\"76\" src=\"https:\/\/www.millaman.cl\/wp-content\/uploads\/2025\/03\/millaman-golden-condor.svg\" class=\"attachment-thumbnail size-thumbnail wp-image-40\" alt=\"\" \/>\t\t\t\t\t\t\t\t\t\t\t\t\t\t\t<\/div>\n\t\t\t\t<\/div>\n\t\t<div class=\"elementor-element elementor-element-2913eed1 e-con-full box-contenido e-flex e-con e-child\" data-id=\"2913eed1\" data-element_type=\"container\">\n\t\t\t\t<div class=\"elementor-element elementor-element-7e8a4c1e titulo-blanco opacidad-inicio animacion elementor-widget elementor-widget-heading\" data-id=\"7e8a4c1e\" data-element_type=\"widget\" data-widget_type=\"heading.default\">\n\t\t\t\t<div class=\"elementor-widget-container\">\n\t\t\t\t\t<h2 class=\"elementor-heading-title elementor-size-default\">Are you over 18 years old?<\/h2>\t\t\t\t<\/div>\n\t\t\t\t<\/div>\n\t\t\t\t<div class=\"elementor-element elementor-element-3280b946 opacidad-inicio animacion btn-degrades elementor-widget elementor-widget-button\" data-id=\"3280b946\" data-element_type=\"widget\" id=\"btn-si\" data-widget_type=\"button.default\">\n\t\t\t\t<div class=\"elementor-widget-container\">\n\t\t\t\t\t\t\t\t\t<div class=\"elementor-button-wrapper\">\n\t\t\t\t\t<a class=\"elementor-button elementor-button-link elementor-size-sm\" href=\"\/en\/inicio\/\" aria-label=\"Link Soy mayor de edad\">\n\t\t\t\t\t\t<span class=\"elementor-button-content-wrapper\">\n\t\t\t\t\t\t\t\t\t<span class=\"elementor-button-text\">Yes<\/span>\n\t\t\t\t\t<\/span>\n\t\t\t\t\t<\/a>\n\t\t\t\t<\/div>\n\t\t\t\t\t\t\t\t<\/div>\n\t\t\t\t<\/div>\n\t\t\t\t<div class=\"elementor-element elementor-element-6e5e5d6 btn-borde opacidad-inicio animacion elementor-widget elementor-widget-button\" data-id=\"6e5e5d6\" data-element_type=\"widget\" data-widget_type=\"button.default\">\n\t\t\t\t<div class=\"elementor-widget-container\">\n\t\t\t\t\t\t\t\t\t<div class=\"elementor-button-wrapper\">\n\t\t\t\t\t<a class=\"elementor-button elementor-button-link elementor-size-sm\" href=\"https:\/\/www.google.com\/\" aria-label=\"Link No soy mayor de edad\">\n\t\t\t\t\t\t<span class=\"elementor-button-content-wrapper\">\n\t\t\t\t\t\t\t\t\t<span class=\"elementor-button-text\">NO<\/span>\n\t\t\t\t\t<\/span>\n\t\t\t\t\t<\/a>\n\t\t\t\t<\/div>\n\t\t\t\t\t\t\t\t<\/div>\n\t\t\t\t<\/div>\n\t\t\t\t<div class=\"elementor-element elementor-element-d3586f1 elementor-widget__width-initial titulo-blanco opacidad-inicio animacion elementor-widget elementor-widget-heading\" data-id=\"d3586f1\" data-element_type=\"widget\" data-widget_type=\"heading.default\">\n\t\t\t\t<div class=\"elementor-widget-container\">\n\t\t\t\t\t<p class=\"elementor-heading-title elementor-size-default\">By clicking on the button you accept our privacy policy and confirm that you meet the requirements established by law in your country, that is, that you are of legal age to browse here. This page exposes data on responsible consumption. Drink in moderation.<\/p>\t\t\t\t<\/div>\n\t\t\t\t<\/div>\n\t\t\t\t<\/div>\n\t\t\t\t\t<\/div>\n\t\t\t\t<\/div>\n\t\t\t\t<\/div>","protected":false},"excerpt":{"rendered":"<p>\u00bfEres mayor de 18 a\u00f1os? S\u00ed NO Al pulsar en el bot\u00f3n aceptas nuestra pol\u00edtica de privacidad y confirmas que cumples con los requisitos que establece la ley en tu pa\u00eds, es decir que eres mayor de edad para navegar por aqu\u00ed. Esta p\u00e1gina expone datos sobre la responsabilidad frente al consumo. Bebe con moderaci\u00f3n.<\/p>","protected":false},"author":2,"featured_media":40,"parent":0,"menu_order":0,"comment_status":"closed","ping_status":"closed","template":"","meta":{"_acf_changed":false,"footnotes":""},"class_list":["post-567","page","type-page","status-publish","has-post-thumbnail","hentry"],"acf":[],"yoast_head":"<!-- This site is optimized with the Yoast SEO plugin v25.7 - https:\/\/yoast.com\/wordpress\/plugins\/seo\/ -->\n<title>Portada - Millaman<\/title>\n<meta name=\"description\" content=\"Descubre la elegancia y tradici\u00f3n de Millaman Golden Condor. Vinos premium chilenos elaborados con pasi\u00f3n. Accede solo si eres mayor de 18 a\u00f1os. Bebe con responsabilidad.\" \/>\n<meta name=\"robots\" content=\"index, follow, max-snippet:-1, max-image-preview:large, max-video-preview:-1\" \/>\n<link rel=\"canonical\" href=\"https:\/\/www.millaman.cl\/en\/\" \/>\n<meta property=\"og:locale\" content=\"en_US\" \/>\n<meta property=\"og:type\" content=\"article\" \/>\n<meta property=\"og:title\" content=\"Portada - Millaman\" \/>\n<meta property=\"og:description\" content=\"Descubre la elegancia y tradici\u00f3n de Millaman Golden Condor. Vinos premium chilenos elaborados con pasi\u00f3n. Accede solo si eres mayor de 18 a\u00f1os. Bebe con responsabilidad.\" \/>\n<meta property=\"og:url\" content=\"https:\/\/www.millaman.cl\/en\/\" \/>\n<meta property=\"og:site_name\" content=\"Millaman\" \/>\n<meta property=\"article:modified_time\" content=\"2025-07-02T15:08:13+00:00\" \/>\n<meta name=\"twitter:card\" content=\"summary_large_image\" \/>\n<meta name=\"twitter:label1\" content=\"Est. reading time\" \/>\n\t<meta name=\"twitter:data1\" content=\"1 minute\" \/>\n<script type=\"application\/ld+json\" class=\"yoast-schema-graph\">{\"@context\":\"https:\/\/schema.org\",\"@graph\":[{\"@type\":\"WebPage\",\"@id\":\"https:\/\/www.millaman.cl\/\",\"url\":\"https:\/\/www.millaman.cl\/\",\"name\":\"Portada - Millaman\",\"isPartOf\":{\"@id\":\"https:\/\/www.millaman.cl\/#website\"},\"primaryImageOfPage\":{\"@id\":\"https:\/\/www.millaman.cl\/#primaryimage\"},\"image\":{\"@id\":\"https:\/\/www.millaman.cl\/#primaryimage\"},\"thumbnailUrl\":\"https:\/\/www.millaman.cl\/wp-content\/uploads\/2025\/03\/millaman-golden-condor.svg\",\"datePublished\":\"2025-03-14T08:31:01+00:00\",\"dateModified\":\"2025-07-02T15:08:13+00:00\",\"description\":\"Descubre la elegancia y tradici\u00f3n de Millaman Golden Condor. Vinos premium chilenos elaborados con pasi\u00f3n. Accede solo si eres mayor de 18 a\u00f1os. Bebe con responsabilidad.\",\"breadcrumb\":{\"@id\":\"https:\/\/www.millaman.cl\/#breadcrumb\"},\"inLanguage\":\"en-US\",\"potentialAction\":[{\"@type\":\"ReadAction\",\"target\":[\"https:\/\/www.millaman.cl\/\"]}]},{\"@type\":\"ImageObject\",\"inLanguage\":\"en-US\",\"@id\":\"https:\/\/www.millaman.cl\/#primaryimage\",\"url\":\"https:\/\/www.millaman.cl\/wp-content\/uploads\/2025\/03\/millaman-golden-condor.svg\",\"contentUrl\":\"https:\/\/www.millaman.cl\/wp-content\/uploads\/2025\/03\/millaman-golden-condor.svg\",\"width\":105,\"height\":76},{\"@type\":\"BreadcrumbList\",\"@id\":\"https:\/\/www.millaman.cl\/#breadcrumb\",\"itemListElement\":[{\"@type\":\"ListItem\",\"position\":1,\"name\":\"Portada\",\"item\":\"https:\/\/www.millaman.cl\/\"},{\"@type\":\"ListItem\",\"position\":2,\"name\":\"Portada\"}]},{\"@type\":\"WebSite\",\"@id\":\"https:\/\/www.millaman.cl\/#website\",\"url\":\"https:\/\/www.millaman.cl\/\",\"name\":\"Millaman\",\"description\":\"Donde la tradici\u00f3n se eleva como el c\u00f3ndor,  y la innovaci\u00f3n transforma cada gota en una experiencia \u00fanica\",\"publisher\":{\"@id\":\"https:\/\/www.millaman.cl\/#organization\"},\"alternateName\":\"Millaman Golden Condo\",\"potentialAction\":[{\"@type\":\"SearchAction\",\"target\":{\"@type\":\"EntryPoint\",\"urlTemplate\":\"https:\/\/www.millaman.cl\/?s={search_term_string}\"},\"query-input\":{\"@type\":\"PropertyValueSpecification\",\"valueRequired\":true,\"valueName\":\"search_term_string\"}}],\"inLanguage\":\"en-US\"},{\"@type\":\"Organization\",\"@id\":\"https:\/\/www.millaman.cl\/#organization\",\"name\":\"Millaman\",\"alternateName\":\"Millaman Golden Condo\",\"url\":\"https:\/\/www.millaman.cl\/\",\"logo\":{\"@type\":\"ImageObject\",\"inLanguage\":\"en-US\",\"@id\":\"https:\/\/www.millaman.cl\/#\/schema\/logo\/image\/\",\"url\":\"https:\/\/www.millaman.cl\/wp-content\/uploads\/2025\/03\/millaman-golden-condor.svg\",\"contentUrl\":\"https:\/\/www.millaman.cl\/wp-content\/uploads\/2025\/03\/millaman-golden-condor.svg\",\"width\":105,\"height\":76,\"caption\":\"Millaman\"},\"image\":{\"@id\":\"https:\/\/www.millaman.cl\/#\/schema\/logo\/image\/\"},\"sameAs\":[\"https:\/\/www.instagram.com\/vinosmillaman\/\",\"https:\/\/www.facebook.com\/MillamanWines\/\"]}]}<\/script>\n<!-- \/ Yoast SEO plugin. -->","yoast_head_json":{"title":"Portada - Millaman","description":"Descubre la elegancia y tradici\u00f3n de Millaman Golden Condor. Vinos premium chilenos elaborados con pasi\u00f3n. Accede solo si eres mayor de 18 a\u00f1os. Bebe con responsabilidad.","robots":{"index":"index","follow":"follow","max-snippet":"max-snippet:-1","max-image-preview":"max-image-preview:large","max-video-preview":"max-video-preview:-1"},"canonical":"https:\/\/www.millaman.cl\/en\/","og_locale":"en_US","og_type":"article","og_title":"Portada - Millaman","og_description":"Descubre la elegancia y tradici\u00f3n de Millaman Golden Condor. Vinos premium chilenos elaborados con pasi\u00f3n. Accede solo si eres mayor de 18 a\u00f1os. Bebe con responsabilidad.","og_url":"https:\/\/www.millaman.cl\/en\/","og_site_name":"Millaman","article_modified_time":"2025-07-02T15:08:13+00:00","twitter_card":"summary_large_image","twitter_misc":{"Est. reading time":"1 minute"},"schema":{"@context":"https:\/\/schema.org","@graph":[{"@type":"WebPage","@id":"https:\/\/www.millaman.cl\/","url":"https:\/\/www.millaman.cl\/","name":"Portada - Millaman","isPartOf":{"@id":"https:\/\/www.millaman.cl\/#website"},"primaryImageOfPage":{"@id":"https:\/\/www.millaman.cl\/#primaryimage"},"image":{"@id":"https:\/\/www.millaman.cl\/#primaryimage"},"thumbnailUrl":"https:\/\/www.millaman.cl\/wp-content\/uploads\/2025\/03\/millaman-golden-condor.svg","datePublished":"2025-03-14T08:31:01+00:00","dateModified":"2025-07-02T15:08:13+00:00","description":"Descubre la elegancia y tradici\u00f3n de Millaman Golden Condor. Vinos premium chilenos elaborados con pasi\u00f3n. Accede solo si eres mayor de 18 a\u00f1os. Bebe con responsabilidad.","breadcrumb":{"@id":"https:\/\/www.millaman.cl\/#breadcrumb"},"inLanguage":"en-US","potentialAction":[{"@type":"ReadAction","target":["https:\/\/www.millaman.cl\/"]}]},{"@type":"ImageObject","inLanguage":"en-US","@id":"https:\/\/www.millaman.cl\/#primaryimage","url":"https:\/\/www.millaman.cl\/wp-content\/uploads\/2025\/03\/millaman-golden-condor.svg","contentUrl":"https:\/\/www.millaman.cl\/wp-content\/uploads\/2025\/03\/millaman-golden-condor.svg","width":105,"height":76},{"@type":"BreadcrumbList","@id":"https:\/\/www.millaman.cl\/#breadcrumb","itemListElement":[{"@type":"ListItem","position":1,"name":"Portada","item":"https:\/\/www.millaman.cl\/"},{"@type":"ListItem","position":2,"name":"Portada"}]},{"@type":"WebSite","@id":"https:\/\/www.millaman.cl\/#website","url":"https:\/\/www.millaman.cl\/","name":"Millaman","description":"Donde la tradici\u00f3n se eleva como el c\u00f3ndor,  y la innovaci\u00f3n transforma cada gota en una experiencia \u00fanica","publisher":{"@id":"https:\/\/www.millaman.cl\/#organization"},"alternateName":"Millaman Golden Condo","potentialAction":[{"@type":"SearchAction","target":{"@type":"EntryPoint","urlTemplate":"https:\/\/www.millaman.cl\/?s={search_term_string}"},"query-input":{"@type":"PropertyValueSpecification","valueRequired":true,"valueName":"search_term_string"}}],"inLanguage":"en-US"},{"@type":"Organization","@id":"https:\/\/www.millaman.cl\/#organization","name":"Millaman","alternateName":"Millaman Golden Condo","url":"https:\/\/www.millaman.cl\/","logo":{"@type":"ImageObject","inLanguage":"en-US","@id":"https:\/\/www.millaman.cl\/#\/schema\/logo\/image\/","url":"https:\/\/www.millaman.cl\/wp-content\/uploads\/2025\/03\/millaman-golden-condor.svg","contentUrl":"https:\/\/www.millaman.cl\/wp-content\/uploads\/2025\/03\/millaman-golden-condor.svg","width":105,"height":76,"caption":"Millaman"},"image":{"@id":"https:\/\/www.millaman.cl\/#\/schema\/logo\/image\/"},"sameAs":["https:\/\/www.instagram.com\/vinosmillaman\/","https:\/\/www.facebook.com\/MillamanWines\/"]}]}},"_links":{"self":[{"href":"https:\/\/www.millaman.cl\/en\/wp-json\/wp\/v2\/pages\/567","targetHints":{"allow":["GET"]}}],"collection":[{"href":"https:\/\/www.millaman.cl\/en\/wp-json\/wp\/v2\/pages"}],"about":[{"href":"https:\/\/www.millaman.cl\/en\/wp-json\/wp\/v2\/types\/page"}],"author":[{"embeddable":true,"href":"https:\/\/www.millaman.cl\/en\/wp-json\/wp\/v2\/users\/2"}],"replies":[{"embeddable":true,"href":"https:\/\/www.millaman.cl\/en\/wp-json\/wp\/v2\/comments?post=567"}],"version-history":[{"count":0,"href":"https:\/\/www.millaman.cl\/en\/wp-json\/wp\/v2\/pages\/567\/revisions"}],"wp:featuredmedia":[{"embeddable":true,"href":"https:\/\/www.millaman.cl\/en\/wp-json\/wp\/v2\/media\/40"}],"wp:attachment":[{"href":"https:\/\/www.millaman.cl\/en\/wp-json\/wp\/v2\/media?parent=567"}],"curies":[{"name":"wp","href":"https:\/\/api.w.org\/{rel}","templated":true}]}}